{"id":3,"date":"2023-08-04T14:03:17","date_gmt":"2023-08-04T14:03:17","guid":{"rendered":"https:\/\/wanderlust-ventures.net\/?page_id=3"},"modified":"2025-09-30T16:16:19","modified_gmt":"2025-09-30T16:16:19","slug":"politica-de-privacidad","status":"publish","type":"page","link":"https:\/\/wanderlust-ventures.net\/es\/politica-de-privacidad\/","title":{"rendered":"Pol\u00edtica de privacidad"},"content":{"rendered":"<div data-elementor-type=\"wp-page\" data-elementor-id=\"3\" class=\"elementor elementor-3\" data-elementor-post-type=\"page\">\n\t\t\t\t\t\t<section class=\"elementor-section elementor-top-section elementor-element elementor-element-fb42827 elementor-section-content-middle elementor-section-height-min-height elementor-section-boxed elementor-section-height-default elementor-section-items-middle\" data-id=\"fb42827\" data-element_type=\"section\" data-settings=\"{&quot;background_background&quot;:&quot;classic&quot;}\">\n\t\t\t\t\t\t\t<div class=\"elementor-background-overlay\"><\/div>\n\t\t\t\t\t\t\t<div class=\"elementor-container elementor-column-gap-default\">\n\t\t\t\t\t<div class=\"elementor-column elementor-col-100 elementor-top-column elementor-element elementor-element-2002e79\" data-id=\"2002e79\" data-element_type=\"column\">\n\t\t\t<div class=\"elementor-widget-wrap elementor-element-populated\">\n\t\t\t\t\t\t<div class=\"elementor-element elementor-element-2660190 elementor-align-center elementor-icon-list--layout-inline elementor-mobile-align-center elementor-list-item-link-full_width elementor-widget elementor-widget-icon-list\" data-id=\"2660190\" data-element_type=\"widget\" data-widget_type=\"icon-list.default\">\n\t\t\t\t<div class=\"elementor-widget-container\">\n\t\t\t\t\t\t\t<ul class=\"elementor-icon-list-items elementor-inline-items\">\n\t\t\t\t\t\t\t<li class=\"elementor-icon-list-item elementor-inline-item\">\n\t\t\t\t\t\t\t\t\t\t\t<a href=\"https:\/\/wanderlust-ventures.net\/es\">\n\n\t\t\t\t\t\t\t\t\t\t\t<span class=\"elementor-icon-list-text\">Inicio<\/span>\n\t\t\t\t\t\t\t\t\t\t\t<\/a>\n\t\t\t\t\t\t\t\t\t<\/li>\n\t\t\t\t\t\t\t\t<li class=\"elementor-icon-list-item elementor-inline-item\">\n\t\t\t\t\t\t\t\t\t\t\t<span class=\"elementor-icon-list-icon\">\n\t\t\t\t\t\t\t<i aria-hidden=\"true\" class=\"fas fa-chevron-right\"><\/i>\t\t\t\t\t\t<\/span>\n\t\t\t\t\t\t\t\t\t\t<span class=\"elementor-icon-list-text\"><\/span>\n\t\t\t\t\t\t\t\t\t<\/li>\n\t\t\t\t\t\t<\/ul>\n\t\t\t\t\t\t<\/div>\n\t\t\t\t<\/div>\n\t\t\t\t<div class=\"elementor-element elementor-element-499e77b elementor-widget elementor-widget-heading\" data-id=\"499e77b\" data-element_type=\"widget\" data-widget_type=\"heading.default\">\n\t\t\t\t<div class=\"elementor-widget-container\">\n\t\t\t\t\t<h1 class=\"elementor-heading-title elementor-size-default\">Pol\u00edtica de privacidad<\/h1>\t\t\t\t<\/div>\n\t\t\t\t<\/div>\n\t\t\t\t\t<\/div>\n\t\t<\/div>\n\t\t\t\t\t<\/div>\n\t\t<\/section>\n\t\t\t\t<section class=\"elementor-section elementor-top-section elementor-element elementor-element-782baea5 elementor-section-boxed elementor-section-height-default elementor-section-height-default\" data-id=\"782baea5\" data-element_type=\"section\">\n\t\t\t\t\t\t<div class=\"elementor-container elementor-column-gap-default\">\n\t\t\t\t\t<div class=\"elementor-column elementor-col-100 elementor-top-column elementor-element elementor-element-29e54828\" data-id=\"29e54828\" data-element_type=\"column\">\n\t\t\t<div class=\"elementor-widget-wrap elementor-element-populated\">\n\t\t\t\t\t\t<div class=\"elementor-element elementor-element-215597a3 translation-block elementor-widget elementor-widget-text-editor\" data-id=\"215597a3\" data-element_type=\"widget\" data-widget_type=\"text-editor.default\">\n\t\t\t\t<div class=\"elementor-widget-container\">\n\t\t\t\t\t\t\t\t\t<p class=\"p1\"><b>Introducci\u00f3n<\/b><\/p>\n<p class=\"p1\">Bienvenido a la Pol\u00edtica de Privacidad de Wanderlust Ventures. Esta pol\u00edtica describe c\u00f3mo recopilamos, utilizamos, divulgamos y salvaguardamos su informaci\u00f3n personal cuando utiliza nuestro sitio web (\"Sitio Web\") y participa en nuestros servicios. Al acceder al Sitio Web o utilizar nuestros servicios, usted acepta las pr\u00e1cticas descritas en la presente Pol\u00edtica de Privacidad.<\/p> <p class=\"p1\">Pol\u00edtica de Privacidad\n<p class=\"p1\"><b>Informaci\u00f3n que recopilamos<\/b><\/p>\n<p class=\"p1\">a. Informaci\u00f3n personal: Podemos recopilar informaci\u00f3n personal como su nombre, datos de contacto, fecha de nacimiento e informaci\u00f3n de pago cuando reserva experiencias de viaje o interact\u00faa con nuestros servicios.<\/p> <p class=\"p1\">.\n<p class=\"p1\">b. Informaci\u00f3n de uso: Recopilamos informaci\u00f3n sobre sus interacciones con el Sitio Web, incluidas las direcciones IP, el tipo de navegador, la informaci\u00f3n del dispositivo y los patrones de uso.<\/p> <p class=\"p1\">p.\n<p class=\"p1\">c. Cookies y tecnolog\u00edas de seguimiento: Utilizamos cookies y tecnolog\u00edas similares para mejorar su experiencia de navegaci\u00f3n y recopilar informaci\u00f3n sobre sus actividades en nuestro Sitio Web.<\/p> <p class=\"p1\">.\n<p class=\"p1\"><b>C\u00f3mo utilizamos su informaci\u00f3n<\/b><\/p>\n<p class=\"p1\">a. Prestaci\u00f3n de servicios: Utilizamos su informaci\u00f3n para procesar las reservas, gestionar las experiencias de viaje y comunicarnos con usted en relaci\u00f3n con sus reservas.<\/p> <p class=\"p1\">Servicios.\n<p class=\"p1\">b. Personalizaci\u00f3n: Podemos utilizar su informaci\u00f3n para personalizar su experiencia y ofrecerle recomendaciones a medida.<\/p> <p class=\"p1\">.\n<p class=\"p1\">c. An\u00e1lisis y mejoras: Sus datos nos ayudan a analizar los patrones de uso del Sitio Web, mejorar nuestros servicios y desarrollar nuevas funciones.<\/p> <p class=\"p1\">c. An\u00e1lisis y mejoras.\n<p class=\"p1\">4. Intercambio y divulgaci\u00f3n de informaci\u00f3n<\/p>\n<p class=\"p1\">a. Proveedores de servicios: Podemos compartir su informaci\u00f3n con terceros proveedores de servicios que nos ayudan a prestar nuestros servicios.<\/p>\n<p class=\"p1\">b. Cumplimiento legal: Podemos divulgar su informaci\u00f3n para cumplir con las obligaciones legales, responder a solicitudes gubernamentales o proteger nuestros derechos.<\/p> <p class=\"p1\">p.\n<p class=\"p1\"><b>Sus opciones<\/b><\/p>\n<p class=\"p1\">a. Acceso y actualizaci\u00f3n: Puede acceder a su informaci\u00f3n personal y actualizarla iniciando sesi\u00f3n en su cuenta o poni\u00e9ndose en contacto con nosotros.<\/p>\n<p class=\"p1\">b. Comunicaci\u00f3n de marketing: Puede optar por no recibir correos electr\u00f3nicos de marketing siguiendo las instrucciones de los correos electr\u00f3nicos o poni\u00e9ndose en contacto con nosotros.<\/p> <p class=\"p1\">p.\n<p class=\"p1\"><b>Seguridad de los datos<\/b><\/p>\n<p class=\"p1\">Ponemos en pr\u00e1ctica medidas de seguridad para proteger su informaci\u00f3n frente al acceso, la alteraci\u00f3n o la divulgaci\u00f3n no autorizados.<\/p> <p class=\"p1\"><b>Seguridad de los datos<\/b>.\n<p class=\"p1\"><b>Privacidad de los ni\u00f1os<\/b><\/p>\n<p class=\"p1\">Nuestros servicios no est\u00e1n destinados a menores de 18 a\u00f1os. No recopilamos conscientemente informaci\u00f3n personal de menores.<\/p> <p class=\"p1\">Nuestros servicios no est\u00e1n destinados a personas menores de 18 a\u00f1os.\n<p class=\"p1\"><b>Transferencias internacionales<\/b><\/p>\n<p class=\"p1\">Su informaci\u00f3n puede ser transferida y almacenada en pa\u00edses fuera del suyo. Al utilizar nuestros servicios, usted consiente esta transferencia.<\/p> <p class=\"p1\">Transferencias internacionales<\/b>\n<p class=\"p1\"><b>Cambios en la pol\u00edtica de privacidad<\/b><\/p>\n<p class=\"p1\">Podemos actualizar esta Pol\u00edtica de Privacidad para reflejar cambios en nuestras pr\u00e1cticas. Le recomendamos que revise esta pol\u00edtica peri\u00f3dicamente.<\/p>\n<p class=\"p1\"><b>Contacte con nosotros<\/b><\/p>\n<p class=\"p1\">Si tiene alguna pregunta o duda sobre nuestra Pol\u00edtica de Privacidad o nuestras pr\u00e1cticas, p\u00f3ngase en contacto con nosotros en <a href=\"mailto:info@wanderlust-ventures.net\"><span class=\"s1\">info@wanderlust-ventures.net<\/span><\/a><span class=\"s2\">.<\/span><\/p>\n<p class=\"p4\"><b>Esta Pol\u00edtica de Privacidad es efectiva desde el 9 de agosto de 2023.5<\/b><\/p> <\/div>\n\t\t\t\t<\/div>\n\t\t\t\t\t<\/div>\n\t\t<\/div>\n\t\t\t\t\t<\/div>\n\t\t<\/section>\n\t\t\t\t<\/div>","protected":false},"excerpt":{"rendered":"<p>Home Introduction Welcome to Wanderlust Ventures&#8217; Privacy Policy. This policy outlines how we collect, use, disclose, and safeguard your personal information when you use our website (&#8220;Website&#8221;) and engage with our services. By accessing the Website or utilizing our services, you consent to the practices described in this Privacy Policy. Information We Collect a. Personal [&hellip;]<\/p>","protected":false},"author":3,"featured_media":0,"parent":0,"menu_order":0,"comment_status":"closed","ping_status":"open","template":"","meta":{"_acf_changed":false,"footnotes":""},"class_list":["post-3","page","type-page","status-publish","hentry"],"acf":[],"_links":{"self":[{"href":"https:\/\/wanderlust-ventures.net\/es\/wp-json\/wp\/v2\/pages\/3","targetHints":{"allow":["GET"]}}],"collection":[{"href":"https:\/\/wanderlust-ventures.net\/es\/wp-json\/wp\/v2\/pages"}],"about":[{"href":"https:\/\/wanderlust-ventures.net\/es\/wp-json\/wp\/v2\/types\/page"}],"author":[{"embeddable":true,"href":"https:\/\/wanderlust-ventures.net\/es\/wp-json\/wp\/v2\/users\/3"}],"replies":[{"embeddable":true,"href":"https:\/\/wanderlust-ventures.net\/es\/wp-json\/wp\/v2\/comments?post=3"}],"version-history":[{"count":27,"href":"https:\/\/wanderlust-ventures.net\/es\/wp-json\/wp\/v2\/pages\/3\/revisions"}],"predecessor-version":[{"id":1338,"href":"https:\/\/wanderlust-ventures.net\/es\/wp-json\/wp\/v2\/pages\/3\/revisions\/1338"}],"wp:attachment":[{"href":"https:\/\/wanderlust-ventures.net\/es\/wp-json\/wp\/v2\/media?parent=3"}],"curies":[{"name":"wp","href":"https:\/\/api.w.org\/{rel}","templated":true}]}}