{"id":774,"date":"2023-08-23T04:05:45","date_gmt":"2023-08-23T04:05:45","guid":{"rendered":"https:\/\/wanderlust-ventures.net\/?page_id=774"},"modified":"2025-09-29T18:24:00","modified_gmt":"2025-09-29T18:24:00","slug":"terminos-y-condiciones","status":"publish","type":"page","link":"https:\/\/wanderlust-ventures.net\/es\/terminos-y-condiciones\/","title":{"rendered":"T\u00e9rminos y Condiciones"},"content":{"rendered":"<div data-elementor-type=\"wp-page\" data-elementor-id=\"774\" class=\"elementor elementor-774\" data-elementor-post-type=\"page\">\n\t\t\t\t\t\t<section class=\"elementor-section elementor-top-section elementor-element elementor-element-773ede10 elementor-section-content-middle elementor-section-height-min-height elementor-section-boxed elementor-section-height-default elementor-section-items-middle\" data-id=\"773ede10\" data-element_type=\"section\" data-settings=\"{&quot;background_background&quot;:&quot;classic&quot;}\">\n\t\t\t\t\t\t\t<div class=\"elementor-background-overlay\"><\/div>\n\t\t\t\t\t\t\t<div class=\"elementor-container elementor-column-gap-default\">\n\t\t\t\t\t<div class=\"elementor-column elementor-col-100 elementor-top-column elementor-element elementor-element-62a7430e\" data-id=\"62a7430e\" data-element_type=\"column\">\n\t\t\t<div class=\"elementor-widget-wrap elementor-element-populated\">\n\t\t\t\t\t\t<div class=\"elementor-element elementor-element-6d5dd142 elementor-align-center elementor-icon-list--layout-inline elementor-mobile-align-center elementor-list-item-link-full_width elementor-widget elementor-widget-icon-list\" data-id=\"6d5dd142\" data-element_type=\"widget\" data-widget_type=\"icon-list.default\">\n\t\t\t\t<div class=\"elementor-widget-container\">\n\t\t\t\t\t\t\t<ul class=\"elementor-icon-list-items elementor-inline-items\">\n\t\t\t\t\t\t\t<li class=\"elementor-icon-list-item elementor-inline-item\">\n\t\t\t\t\t\t\t\t\t\t\t<a href=\"https:\/\/wanderlust-ventures.net\/es\">\n\n\t\t\t\t\t\t\t\t\t\t\t<span class=\"elementor-icon-list-text\">Inicio<\/span>\n\t\t\t\t\t\t\t\t\t\t\t<\/a>\n\t\t\t\t\t\t\t\t\t<\/li>\n\t\t\t\t\t\t\t\t<li class=\"elementor-icon-list-item elementor-inline-item\">\n\t\t\t\t\t\t\t\t\t\t\t<span class=\"elementor-icon-list-icon\">\n\t\t\t\t\t\t\t<i aria-hidden=\"true\" class=\"fas fa-chevron-right\"><\/i>\t\t\t\t\t\t<\/span>\n\t\t\t\t\t\t\t\t\t\t<span class=\"elementor-icon-list-text\"><\/span>\n\t\t\t\t\t\t\t\t\t<\/li>\n\t\t\t\t\t\t<\/ul>\n\t\t\t\t\t\t<\/div>\n\t\t\t\t<\/div>\n\t\t\t\t<div class=\"elementor-element elementor-element-765eb514 elementor-widget elementor-widget-heading\" data-id=\"765eb514\" data-element_type=\"widget\" data-widget_type=\"heading.default\">\n\t\t\t\t<div class=\"elementor-widget-container\">\n\t\t\t\t\t<h1 class=\"elementor-heading-title elementor-size-default\">T\u00e9rminos y Condiciones<\/h1>\t\t\t\t<\/div>\n\t\t\t\t<\/div>\n\t\t\t\t\t<\/div>\n\t\t<\/div>\n\t\t\t\t\t<\/div>\n\t\t<\/section>\n\t\t\t\t<section class=\"elementor-section elementor-top-section elementor-element elementor-element-b502492 elementor-section-boxed elementor-section-height-default elementor-section-height-default\" data-id=\"b502492\" data-element_type=\"section\">\n\t\t\t\t\t\t<div class=\"elementor-container elementor-column-gap-default\">\n\t\t\t\t\t<div class=\"elementor-column elementor-col-100 elementor-top-column elementor-element elementor-element-71bb01a7\" data-id=\"71bb01a7\" data-element_type=\"column\">\n\t\t\t<div class=\"elementor-widget-wrap elementor-element-populated\">\n\t\t\t\t\t\t<div class=\"elementor-element elementor-element-17ad717e translation-block elementor-widget elementor-widget-text-editor\" data-id=\"17ad717e\" data-element_type=\"widget\" data-widget_type=\"text-editor.default\">\n\t\t\t\t<div class=\"elementor-widget-container\">\n\t\t\t\t\t\t\t\t\t<p class=\"p1\"><b>Aceptaci\u00f3n de los T\u00e9rminos<\/b><\/p>\n<p class=\"p1\">Estos T\u00e9rminos y Condiciones (\"T\u00e9rminos\") rigen el uso del sitio web de Wanderlust Ventures (\"Sitio Web\"), incluyendo todos los contenidos, servicios, caracter\u00edsticas y funcionalidades ofrecidas. Al acceder o utilizar el sitio web, usted acepta cumplir con estos T\u00e9rminos. Si no est\u00e1 de acuerdo con estos T\u00e9rminos, le rogamos que se abstenga de utilizar el Sitio Web.<\/p> <p class=\"p1\">\n<p class=\"p1\"><b>Elegibilidad del usuario<\/b><\/p>\n<p class=\"p1\">Debe tener al menos 18 a\u00f1os para utilizar este Sitio Web y participar en nuestros servicios. Al utilizar el Sitio Web, usted confirma que tiene la edad legal para suscribir acuerdos vinculantes.<\/p> <p class=\"p1\">Educaci\u00f3n<\/b>.\n<p class=\"p1\"><b>Propiedad intelectual<\/b><\/p>\n<p class=\"p1\">Todo el contenido del Sitio Web, incluyendo pero no limitado a texto, gr\u00e1ficos, logotipos, im\u00e1genes, v\u00eddeos y software, es propiedad de Wanderlust Ventures o sus licenciantes y est\u00e1 protegido por derechos de autor, marcas registradas y otras leyes de propiedad intelectual. Usted no puede reproducir, modificar, distribuir, mostrar o crear trabajos derivados de cualquier contenido en el sitio web sin nuestro consentimiento previo por escrito.<\/p> <p class=\"p1\">\n<p class=\"p1\"><b>Pol\u00edtica de privacidad<\/b><\/p>\n<p class=\"p1\">Su uso del Sitio Web tambi\u00e9n se rige por nuestra Pol\u00edtica de Privacidad, que describe c\u00f3mo recopilamos, utilizamos y protegemos su informaci\u00f3n personal. Al utilizar el Sitio Web, usted acepta nuestra Pol\u00edtica de Privacidad.\n<p class=\"p1\"><b>Reserva y pago<\/b><\/p>\n<p class=\"p1\">a. Proceso de reserva: Al reservar una experiencia de viaje a trav\u00e9s de nuestro Sitio Web, usted se compromete a proporcionar informaci\u00f3n precisa y completa. Las reservas est\u00e1n sujetas a disponibilidad y confirmaci\u00f3n por nuestra parte.<\/p> <p class=\"p1\">.\n<p class=\"p1\">b. Pago: Los pagos de las reservas se realizar\u00e1n de acuerdo con los t\u00e9rminos especificados durante el proceso de reserva. Nos reservamos el derecho de rechazar o cancelar reservas a nuestra discreci\u00f3n.<\/p>\n<p class=\"p1\"><b>Pol\u00edtica de cancelaci\u00f3n y reembolso<\/b><\/p>\n<p class=\"p1\">a. Cancelaciones: Las pol\u00edticas de cancelaci\u00f3n de reservas var\u00edan en funci\u00f3n de la experiencia de viaje espec\u00edfica. Por favor, consulte los detalles individuales de la reserva para conocer las condiciones de cancelaci\u00f3n.<\/p> <p class=\"p1\">.\n<p class=\"p1\">b. Reembolsos: Las pol\u00edticas de reembolso tambi\u00e9n var\u00edan y se describen en los detalles de la reserva. Los reembolsos, si procede, se procesar\u00e1n de acuerdo con la pol\u00edtica indicada.<\/p> <p class=\"p1\">.\n<p class=\"p1\"><b>Exenci\u00f3n de responsabilidad<\/b><\/p>\n<p class=\"p1\">a. Experiencias de viaje: Aunque nos esforzamos por proporcionar informaci\u00f3n precisa y actualizada, no garantizamos la exactitud, integridad o fiabilidad de ning\u00fan contenido relacionado con experiencias de viaje.<\/p> <p class=\"p1\"><b>Experiencias de viaje<\/b>\n<p class=\"p1\">b. Limitaci\u00f3n de responsabilidad: No seremos responsables de ning\u00fan da\u00f1o directo, indirecto, incidental, especial, consecuente o punitivo que surja de o est\u00e9 relacionado con su uso del Sitio Web, o con cualquier experiencia de viaje reservada a trav\u00e9s del Sitio Web.<\/p> <p class=\"p1\">b. Limitaci\u00f3n de responsabilidad.\n<p class=\"p1\"><b>Ley aplicable<\/b><\/p>\n<p class=\"p1\">Estas Condiciones se rigen e interpretan de conformidad con las leyes de Nigeria. Cualquier disputa que surja o est\u00e9 relacionada con estos T\u00e9rminos, o con el uso que usted haga del Sitio Web, estar\u00e1 sujeta a la jurisdicci\u00f3n exclusiva de los tribunales de Nigeria.<\/p> <p class=\"p1\">Ley aplicable<\/b>.\n<p class=\"p1\"><b>Cambios en las Condiciones<\/b><\/p>\n<p class=\"p1\">Nos reservamos el derecho a modificar, enmendar o actualizar estos T\u00e9rminos en cualquier momento sin previo aviso. Es su responsabilidad revisar estos T\u00e9rminos peri\u00f3dicamente. Su uso continuado del Sitio Web despu\u00e9s de cualquier cambio en estos T\u00e9rminos significa su aceptaci\u00f3n de dichos cambios.<\/p> <p class=\"p1\">Su uso continuado del Sitio Web despu\u00e9s de cualquier cambio en estos T\u00e9rminos significa su aceptaci\u00f3n de dichos cambios.\n<p class=\"p1\">Al utilizar el Sitio Web de Wanderlust Ventures, usted reconoce que ha le\u00eddo, entendido y aceptado estos T\u00e9rminos y Condiciones en su totalidad. Si tiene alguna pregunta o duda, p\u00f3ngase en contacto con nosotros en <a href=\"mailto:info@wanderlust-ventures.net\"><span class=\"s1\">info@wanderlust-ventures.net<\/span><\/a>.<span class=\"Apple-converted-space\"> <\/span><\/p>\n<p class=\"p3\"><b>\u00daltima actualizaci\u00f3n: 9 de agosto de 2025<\/b><\/p> <\/div>\n\t\t\t\t<\/div>\n\t\t\t\t\t<\/div>\n\t\t<\/div>\n\t\t\t\t\t<\/div>\n\t\t<\/section>\n\t\t\t\t<\/div>","protected":false},"excerpt":{"rendered":"<p>Home Acceptance of Terms These Terms and Conditions (&#8220;Terms&#8221;) govern your use of the Wanderlust Ventures website (&#8220;Website&#8221;), including all content, services, features, and functionalities offered. By accessing or using the Website, you agree to abide by these Terms. If you do not agree with these Terms, please refrain from using the Website. User Eligibility [&hellip;]<\/p>","protected":false},"author":3,"featured_media":0,"parent":0,"menu_order":0,"comment_status":"closed","ping_status":"closed","template":"","meta":{"_acf_changed":false,"footnotes":""},"class_list":["post-774","page","type-page","status-publish","hentry"],"acf":[],"_links":{"self":[{"href":"https:\/\/wanderlust-ventures.net\/es\/wp-json\/wp\/v2\/pages\/774","targetHints":{"allow":["GET"]}}],"collection":[{"href":"https:\/\/wanderlust-ventures.net\/es\/wp-json\/wp\/v2\/pages"}],"about":[{"href":"https:\/\/wanderlust-ventures.net\/es\/wp-json\/wp\/v2\/types\/page"}],"author":[{"embeddable":true,"href":"https:\/\/wanderlust-ventures.net\/es\/wp-json\/wp\/v2\/users\/3"}],"replies":[{"embeddable":true,"href":"https:\/\/wanderlust-ventures.net\/es\/wp-json\/wp\/v2\/comments?post=774"}],"version-history":[{"count":19,"href":"https:\/\/wanderlust-ventures.net\/es\/wp-json\/wp\/v2\/pages\/774\/revisions"}],"predecessor-version":[{"id":1321,"href":"https:\/\/wanderlust-ventures.net\/es\/wp-json\/wp\/v2\/pages\/774\/revisions\/1321"}],"wp:attachment":[{"href":"https:\/\/wanderlust-ventures.net\/es\/wp-json\/wp\/v2\/media?parent=774"}],"curies":[{"name":"wp","href":"https:\/\/api.w.org\/{rel}","templated":true}]}}