{"id":780,"date":"2023-08-23T04:08:18","date_gmt":"2023-08-23T04:08:18","guid":{"rendered":"https:\/\/wanderlust-ventures.net\/?page_id=780"},"modified":"2025-09-29T18:25:29","modified_gmt":"2025-09-29T18:25:29","slug":"politica-de-reembolso","status":"publish","type":"page","link":"https:\/\/wanderlust-ventures.net\/es\/politica-de-reembolso\/","title":{"rendered":"Pol\u00edtica de Reembolso"},"content":{"rendered":"<div data-elementor-type=\"wp-page\" data-elementor-id=\"780\" class=\"elementor elementor-780\" data-elementor-post-type=\"page\">\n\t\t\t\t\t\t<section class=\"elementor-section elementor-top-section elementor-element elementor-element-2feecb4c elementor-section-content-middle elementor-section-height-min-height elementor-section-boxed elementor-section-height-default elementor-section-items-middle\" data-id=\"2feecb4c\" data-element_type=\"section\" data-settings=\"{&quot;background_background&quot;:&quot;classic&quot;}\">\n\t\t\t\t\t\t\t<div class=\"elementor-background-overlay\"><\/div>\n\t\t\t\t\t\t\t<div class=\"elementor-container elementor-column-gap-default\">\n\t\t\t\t\t<div class=\"elementor-column elementor-col-100 elementor-top-column elementor-element elementor-element-60c9877\" data-id=\"60c9877\" data-element_type=\"column\">\n\t\t\t<div class=\"elementor-widget-wrap elementor-element-populated\">\n\t\t\t\t\t\t<div class=\"elementor-element elementor-element-e5d074e elementor-align-center elementor-icon-list--layout-inline elementor-mobile-align-center elementor-list-item-link-full_width elementor-widget elementor-widget-icon-list\" data-id=\"e5d074e\" data-element_type=\"widget\" data-widget_type=\"icon-list.default\">\n\t\t\t\t<div class=\"elementor-widget-container\">\n\t\t\t\t\t\t\t<ul class=\"elementor-icon-list-items elementor-inline-items\">\n\t\t\t\t\t\t\t<li class=\"elementor-icon-list-item elementor-inline-item\">\n\t\t\t\t\t\t\t\t\t\t\t<a href=\"https:\/\/wanderlust-ventures.net\/es\">\n\n\t\t\t\t\t\t\t\t\t\t\t<span class=\"elementor-icon-list-text\">Inicio<\/span>\n\t\t\t\t\t\t\t\t\t\t\t<\/a>\n\t\t\t\t\t\t\t\t\t<\/li>\n\t\t\t\t\t\t\t\t<li class=\"elementor-icon-list-item elementor-inline-item\">\n\t\t\t\t\t\t\t\t\t\t\t<span class=\"elementor-icon-list-icon\">\n\t\t\t\t\t\t\t<i aria-hidden=\"true\" class=\"fas fa-chevron-right\"><\/i>\t\t\t\t\t\t<\/span>\n\t\t\t\t\t\t\t\t\t\t<span class=\"elementor-icon-list-text\"><\/span>\n\t\t\t\t\t\t\t\t\t<\/li>\n\t\t\t\t\t\t<\/ul>\n\t\t\t\t\t\t<\/div>\n\t\t\t\t<\/div>\n\t\t\t\t<div class=\"elementor-element elementor-element-4fa76637 elementor-widget elementor-widget-heading\" data-id=\"4fa76637\" data-element_type=\"widget\" data-widget_type=\"heading.default\">\n\t\t\t\t<div class=\"elementor-widget-container\">\n\t\t\t\t\t<h1 class=\"elementor-heading-title elementor-size-default\">Pol\u00edtica de Reembolso<\/h1>\t\t\t\t<\/div>\n\t\t\t\t<\/div>\n\t\t\t\t\t<\/div>\n\t\t<\/div>\n\t\t\t\t\t<\/div>\n\t\t<\/section>\n\t\t\t\t<section class=\"elementor-section elementor-top-section elementor-element elementor-element-6f1d1ec3 elementor-section-boxed elementor-section-height-default elementor-section-height-default\" data-id=\"6f1d1ec3\" data-element_type=\"section\">\n\t\t\t\t\t\t<div class=\"elementor-container elementor-column-gap-default\">\n\t\t\t\t\t<div class=\"elementor-column elementor-col-100 elementor-top-column elementor-element elementor-element-3f63a1d1\" data-id=\"3f63a1d1\" data-element_type=\"column\">\n\t\t\t<div class=\"elementor-widget-wrap elementor-element-populated\">\n\t\t\t\t\t\t<div class=\"elementor-element elementor-element-141b5fdf translation-block elementor-widget elementor-widget-text-editor\" data-id=\"141b5fdf\" data-element_type=\"widget\" data-widget_type=\"text-editor.default\">\n\t\t\t\t<div class=\"elementor-widget-container\">\n\t\t\t\t\t\t\t\t\t<p class=\"p1\">Bienvenido a la Pol\u00edtica de Reembolso de Wanderlust Ventures. Esta pol\u00edtica describe los t\u00e9rminos y condiciones que rigen los reembolsos de reservas y servicios prestados a trav\u00e9s de nuestro sitio web (\"Sitio Web\"). Al hacer una reserva o utilizar nuestros servicios, usted acepta cumplir con la pol\u00edtica de reembolso que se describe a continuaci\u00f3n.<\/p> <p class=\"p1\">\n<p class=\"p1\"><b>Anulaci\u00f3n de reservas y reembolsos<\/b><\/p>\n<p class=\"p1\">a. Periodo de cancelaci\u00f3n: El per\u00edodo de cancelaci\u00f3n para cada reserva var\u00eda en funci\u00f3n de la experiencia de viaje espec\u00edfica. Consulte los detalles individuales de la reserva para conocer las condiciones de cancelaci\u00f3n.<\/p> <p class=\"p1\">.\n<p class=\"p1\">b. Reembolso: Para poder optar a un reembolso, la reserva debe cancelarse dentro del periodo de cancelaci\u00f3n especificado y de acuerdo con los t\u00e9rminos de la experiencia de viaje espec\u00edfica.<\/p> <p class=\"p1\">.\n<p class=\"p1\"><b>Proceso de reembolso<\/b><\/p>\n<p class=\"p1\">a. Solicitud de reembolso: Para solicitar un reembolso, p\u00f3ngase en contacto con nuestro equipo de atenci\u00f3n al cliente en <a style=\"background-color: #ffffff\" href=\"mailto:info@wanderlust-ventures.net\"><span class=\"s1\">info@wanderlust-ventures.net<\/span><\/a><span class=\"Apple-converted-space\"> <\/span> dentro del periodo de cancelaci\u00f3n aplicable. Indique los datos de su reserva y los motivos de la solicitud de reembolso.<\/p> &lt;p\n<p class=\"p1\">b. Aprobaci\u00f3n del reembolso: Las solicitudes de reembolso ser\u00e1n revisadas por nuestro equipo. Nos reservamos el derecho de aprobar o denegar las solicitudes de reembolso en funci\u00f3n de los t\u00e9rminos y condiciones de la experiencia de viaje espec\u00edfica.<\/p> <p class=\"p1\">.\n<p class=\"p1\">c. M\u00e9todo de reembolso: Los reembolsos aprobados se procesar\u00e1n utilizando el m\u00e9todo de pago original utilizado para la reserva. Por favor, espere hasta 10 d\u00edas h\u00e1biles para que el reembolso se refleje en su cuenta.<\/p> <p class=\"p1\">.\n<p class=\"p1\"><b>Reembolsos parciales<\/b><\/p>\n<p class=\"p1\">En algunos casos, se pueden conceder reembolsos parciales en funci\u00f3n de las circunstancias espec\u00edficas de la reserva y de las condiciones de la experiencia de viaje. Los reembolsos parciales se determinar\u00e1n a nuestra discreci\u00f3n.<\/p> <p class=\"p1\">.\n<p class=\"p1\"><b>Art\u00edculos no reembolsables<\/b><\/p>\n<p class=\"p1\">a. Ciertas experiencias de viaje, servicios o productos pueden estar etiquetados como no reembolsables. Estos art\u00edculos no son susceptibles de reembolso a menos que se especifique lo contrario en las condiciones de la reserva.<\/p> <p class=\"p1\">Los art\u00edculos no reembolsables son los siguientes\n<p class=\"p1\">b. Comisiones: Las tasas de reserva, las tasas de servicio y otros cargos similares no suelen ser reembolsables, a menos que se indique lo contrario.<\/p> <p class=\"p1\">b. Tasas.\n<p class=\"p1\">5. Fuerza mayor y circunstancias imprevistas<\/p>\n<p class=\"p1\">a. En caso de fuerza mayor, circunstancias imprevistas o eventos fuera de nuestro control que resulten en la cancelaci\u00f3n de una reserva o experiencia de viaje, trabajaremos con los clientes afectados para proporcionar alternativas adecuadas o reembolsos, seg\u00fan se determine caso por caso.<\/p> <p class=\"p1\">.\n<p class=\"p1\"><b>Cambios en las experiencias de viaje<\/b><\/p>\n<p class=\"p1\">Si se producen cambios en una experiencia de viaje, como modificaciones en el itinerario o ajustes en los servicios incluidos, se lo comunicaremos. La elegibilidad para el reembolso de dichos cambios se evaluar\u00e1 en funci\u00f3n de los t\u00e9rminos revisados.<\/p> <p class=\"p1\">\n<p class=\"p1\"><b>Cont\u00e1ctenos<\/b><\/p>\n<p class=\"p1\">Si tiene alguna pregunta o necesita ayuda con el proceso de reembolso, p\u00f3ngase en contacto con nuestro equipo de atenci\u00f3n al cliente en<span class=\"Apple-converted-space\"> <\/span><a href=\"mailto:info@wanderlust-ventures.net\"><span class=\"s1\">info@wanderlust-ventures.net<\/span><\/a><span class=\"Apple-converted-space\"> <\/span><\/p>\n<p class=\"p1\">Tenga en cuenta que esta Pol\u00edtica de reembolso est\u00e1 sujeta a cambios y entra en vigor el 9 de agosto de 2025. Le recomendamos que revise esta pol\u00edtica peri\u00f3dicamente para estar al d\u00eda.<\/p> <\/div> <\/div>\n\t\t\t\t<\/div>\n\t\t\t\t\t<\/div>\n\t\t<\/div>\n\t\t\t\t\t<\/div>\n\t\t<\/section>\n\t\t\t\t<\/div>","protected":false},"excerpt":{"rendered":"<p>Home Welcome to Wanderlust Ventures&#8217; Refund Policy. This policy outlines the terms and conditions governing refunds for bookings and services provided through our website (&#8220;Website&#8221;). By making a booking or using our services, you agree to comply with the refund policy outlined below. Booking Cancellation and Refunds a. Cancellation Period: The cancellation period for each [&hellip;]<\/p>","protected":false},"author":3,"featured_media":0,"parent":0,"menu_order":0,"comment_status":"closed","ping_status":"closed","template":"","meta":{"_acf_changed":false,"footnotes":""},"class_list":["post-780","page","type-page","status-publish","hentry"],"acf":[],"_links":{"self":[{"href":"https:\/\/wanderlust-ventures.net\/es\/wp-json\/wp\/v2\/pages\/780","targetHints":{"allow":["GET"]}}],"collection":[{"href":"https:\/\/wanderlust-ventures.net\/es\/wp-json\/wp\/v2\/pages"}],"about":[{"href":"https:\/\/wanderlust-ventures.net\/es\/wp-json\/wp\/v2\/types\/page"}],"author":[{"embeddable":true,"href":"https:\/\/wanderlust-ventures.net\/es\/wp-json\/wp\/v2\/users\/3"}],"replies":[{"embeddable":true,"href":"https:\/\/wanderlust-ventures.net\/es\/wp-json\/wp\/v2\/comments?post=780"}],"version-history":[{"count":20,"href":"https:\/\/wanderlust-ventures.net\/es\/wp-json\/wp\/v2\/pages\/780\/revisions"}],"predecessor-version":[{"id":1327,"href":"https:\/\/wanderlust-ventures.net\/es\/wp-json\/wp\/v2\/pages\/780\/revisions\/1327"}],"wp:attachment":[{"href":"https:\/\/wanderlust-ventures.net\/es\/wp-json\/wp\/v2\/media?parent=780"}],"curies":[{"name":"wp","href":"https:\/\/api.w.org\/{rel}","templated":true}]}}