{"id":788,"date":"2023-08-23T04:12:11","date_gmt":"2023-08-23T04:12:11","guid":{"rendered":"https:\/\/wanderlust-ventures.net\/?page_id=788"},"modified":"2025-09-29T18:25:05","modified_gmt":"2025-09-29T18:25:05","slug":"politica-de-afiliados","status":"publish","type":"page","link":"https:\/\/wanderlust-ventures.net\/es\/politica-de-afiliados\/","title":{"rendered":"Pol\u00edtica de Afiliados"},"content":{"rendered":"<div data-elementor-type=\"wp-page\" data-elementor-id=\"788\" class=\"elementor elementor-788\" data-elementor-post-type=\"page\">\n\t\t\t\t\t\t<section class=\"elementor-section elementor-top-section elementor-element elementor-element-2ebc3202 elementor-section-content-middle elementor-section-height-min-height elementor-section-boxed elementor-section-height-default elementor-section-items-middle\" data-id=\"2ebc3202\" data-element_type=\"section\" data-settings=\"{&quot;background_background&quot;:&quot;classic&quot;}\">\n\t\t\t\t\t\t\t<div class=\"elementor-background-overlay\"><\/div>\n\t\t\t\t\t\t\t<div class=\"elementor-container elementor-column-gap-default\">\n\t\t\t\t\t<div class=\"elementor-column elementor-col-100 elementor-top-column elementor-element elementor-element-2cb9d2d\" data-id=\"2cb9d2d\" data-element_type=\"column\">\n\t\t\t<div class=\"elementor-widget-wrap elementor-element-populated\">\n\t\t\t\t\t\t<div class=\"elementor-element elementor-element-af82cd8 elementor-align-center elementor-icon-list--layout-inline elementor-mobile-align-center elementor-list-item-link-full_width elementor-widget elementor-widget-icon-list\" data-id=\"af82cd8\" data-element_type=\"widget\" data-widget_type=\"icon-list.default\">\n\t\t\t\t<div class=\"elementor-widget-container\">\n\t\t\t\t\t\t\t<ul class=\"elementor-icon-list-items elementor-inline-items\">\n\t\t\t\t\t\t\t<li class=\"elementor-icon-list-item elementor-inline-item\">\n\t\t\t\t\t\t\t\t\t\t\t<a href=\"https:\/\/wanderlust-ventures.net\/es\">\n\n\t\t\t\t\t\t\t\t\t\t\t<span class=\"elementor-icon-list-text\">Inicio<\/span>\n\t\t\t\t\t\t\t\t\t\t\t<\/a>\n\t\t\t\t\t\t\t\t\t<\/li>\n\t\t\t\t\t\t\t\t<li class=\"elementor-icon-list-item elementor-inline-item\">\n\t\t\t\t\t\t\t\t\t\t\t<span class=\"elementor-icon-list-icon\">\n\t\t\t\t\t\t\t<i aria-hidden=\"true\" class=\"fas fa-chevron-right\"><\/i>\t\t\t\t\t\t<\/span>\n\t\t\t\t\t\t\t\t\t\t<span class=\"elementor-icon-list-text\"><\/span>\n\t\t\t\t\t\t\t\t\t<\/li>\n\t\t\t\t\t\t<\/ul>\n\t\t\t\t\t\t<\/div>\n\t\t\t\t<\/div>\n\t\t\t\t<div class=\"elementor-element elementor-element-4165585c elementor-widget elementor-widget-heading\" data-id=\"4165585c\" data-element_type=\"widget\" data-widget_type=\"heading.default\">\n\t\t\t\t<div class=\"elementor-widget-container\">\n\t\t\t\t\t<h1 class=\"elementor-heading-title elementor-size-default\">Pol\u00edtica de Afiliados<\/h1>\t\t\t\t<\/div>\n\t\t\t\t<\/div>\n\t\t\t\t\t<\/div>\n\t\t<\/div>\n\t\t\t\t\t<\/div>\n\t\t<\/section>\n\t\t\t\t<section class=\"elementor-section elementor-top-section elementor-element elementor-element-318a8fee elementor-section-boxed elementor-section-height-default elementor-section-height-default\" data-id=\"318a8fee\" data-element_type=\"section\">\n\t\t\t\t\t\t<div class=\"elementor-container elementor-column-gap-default\">\n\t\t\t\t\t<div class=\"elementor-column elementor-col-100 elementor-top-column elementor-element elementor-element-20607710\" data-id=\"20607710\" data-element_type=\"column\">\n\t\t\t<div class=\"elementor-widget-wrap elementor-element-populated\">\n\t\t\t\t\t\t<div class=\"elementor-element elementor-element-1ab8df67 translation-block elementor-widget elementor-widget-text-editor\" data-id=\"1ab8df67\" data-element_type=\"widget\" data-widget_type=\"text-editor.default\">\n\t\t\t\t<div class=\"elementor-widget-container\">\n\t\t\t\t\t\t\t\t\t<p class=\"p1\"><b>Introducci\u00f3n<\/b><\/p>\n<p class=\"p1\">Bienvenido a la Pol\u00edtica de Afiliaci\u00f3n de Wanderlust Ventures. Esta pol\u00edtica integral describe los t\u00e9rminos y condiciones que rigen la relaci\u00f3n entre Wanderlust Ventures (\"Compa\u00f1\u00eda\") y sus afiliados autorizados (\"afiliados \") para la venta de experiencias de viaje y servicios relacionados. Al convertirse en un afiliado o participar en actividades de reventa, usted se compromete a cumplir con los t\u00e9rminos establecidos en esta pol\u00edtica.<\/p> <p class=\"p1\">.\n<p class=\"p1\">Afiliados <b>Autorizaci\u00f3n<\/b><\/p>\n<p class=\"p1\">a. Proceso de solicitud: Los afiliados potenciales deben presentar una solicitud para ser considerados para autorizaci\u00f3n. La Compa\u00f1\u00eda se reserva el derecho de aprobar o denegar cualquier solicitud a su entera discreci\u00f3n.<\/p> <p class=\"p1\">Autorizaci\u00f3n<\/b>.\n<p class=\"p1\">b. Criterios de autorizaci\u00f3n: Los afiliados deben cumplir con los criterios de la Compa\u00f1\u00eda, incluyendo la demostraci\u00f3n de un compromiso con el servicio al cliente, el mantenimiento de pr\u00e1cticas comerciales \u00e9ticas y el cumplimiento de todas las leyes y reglamentos aplicables.<\/p> <p class=\"p1\">b. Criterios de autorizaci\u00f3n.\n<p class=\"p1\"><b>Actividades de reventa<\/b><\/p>\n<p class=\"p1\">a. Oferta de productos: Los Afiliados est\u00e1n autorizados a vender experiencias de viaje y servicios relacionados ofrecidos por la Compa\u00f1\u00eda, tal y como se indica en la lista de productos autorizados proporcionada por la Compa\u00f1\u00eda.<\/p> <p class=\"p1\">\n<p class=\"p1\">b. Precios y descuentos: Los Afiliados deben adherirse a la estructura de precios y descuentos establecida por la Empresa. Quedan estrictamente prohibidos los descuentos o modificaciones de precios no autorizados.<\/p> <p class=\"p1\">.\n<p class=\"p1\">c. Marketing y promoci\u00f3n: Los Afiliados pueden utilizar materiales de marketing aprobados por la Empresa con fines promocionales. Todos los materiales de marketing deben ser precisos y no enga\u00f1osos.<\/p> <p class=\"p1\">Los afiliados pueden utilizar materiales de marketing aprobados por la Compa\u00f1\u00eda para fines promocionales.\n<p class=\"p1\"><b>Ventas y transacciones<\/b><\/p>\n<p class=\"p1\">a. Proceso de reserva: Los afiliados son responsables de transmitir con precisi\u00f3n los detalles de la reserva a los clientes, incluidos los itinerarios, las inclusiones y los t\u00e9rminos.<\/p> <p class=\"p1\">\n<p class=\"p1\">b. Interacci\u00f3n con el cliente: Se espera que los afiliados proporcionen un servicio al cliente excepcional y atiendan r\u00e1pidamente las consultas e inquietudes de los clientes.<\/p> <p class=\"p1\">b. Interacci\u00f3n con el cliente: <\/p> <p class=\"p1\">\n<p class=\"p1\">c. Pago y facturaci\u00f3n: Los afiliados recibir\u00e1n comisiones o descuentos seg\u00fan lo acordado. Los pagos deber\u00e1n procesarse de acuerdo con los m\u00e9todos de pago y el calendario designados por la Compa\u00f1\u00eda.<\/p> <p class=\"p1\">C\u00f3mo pagar y facturar: Los afiliados recibir\u00e1n las comisiones o descuentos acordados.\n<p class=\"p1\"><b>Propiedad intelectual<\/b><\/p>\n<p class=\"p1\">a. Marcas comerciales y marcas: Los Afiliados podr\u00e1n utilizar las marcas registradas, logotipos y materiales de marca de la Empresa \u00fanicamente con el fin de promocionar y revender productos autorizados.<\/p> <p class=\"p1\">\n<p class=\"p1\">b. Derechos de propiedad intelectual: Los Afiliados reconocen que todos los derechos de propiedad intelectual, incluidos los derechos de autor y las marcas comerciales, pertenecen a la Empresa.<\/p> <p class=\"p1\">b. Derechos de Propiedad Intelectual.\n<p class=\"p1\"><b>Cumplimiento y \u00e9tica<\/b><\/p>\n<p class=\"p1\">a. Cumplimiento legal y normativo: Los afiliados deben operar de conformidad con todas las leyes, reglamentos y normas del sector aplicables, incluidas las leyes de protecci\u00f3n de los consumidores.<\/p> <p class=\"p1\">\n<p class=\"p1\">b. Conducta \u00e9tica: Se espera que los afiliados lleven a cabo sus negocios con integridad, honestidad y profesionalidad. Cualquier actividad poco \u00e9tica o fraudulenta resultar\u00e1 en la terminaci\u00f3n inmediata de la condici\u00f3n de afiliado.<\/p> &lt;p\n<p class=\"p1\"><b>Informes y registros<\/b><\/p>\n<p class=\"p1\">a. Informes de ventas: Los afiliados pueden ser requeridos para proporcionar informes de ventas regulares y actualizaciones seg\u00fan lo solicitado por la Compa\u00f1\u00eda.<\/p>\n<p class=\"p1\">b. Mantenimiento de registros: Los Afiliados deber\u00e1n mantener registros precisos de las transacciones, interacciones con los clientes y comunicaciones.<\/p> <p class=\"p1\">.\n<p class=\"p1\"><b>Finalizaci\u00f3n<\/b><\/p>\n<p class=\"p1\">a. Terminaci\u00f3n por parte de la Empresa: La Empresa se reserva el derecho de rescindir la autorizaci\u00f3n de un Afiliado en cualquier momento por infracciones de esta pol\u00edtica, incumplimiento de los criterios de autorizaci\u00f3n o por cualquier otro motivo.<\/p> <p class=\"p1\">Cancelaci\u00f3n por parte de la Empresa.\n<p class=\"p1\">b. Cancelaci\u00f3n de Afiliados: Los Afiliados podr\u00e1n rescindir su autorizaci\u00f3n mediante notificaci\u00f3n por escrito a la Compa\u00f1\u00eda.<\/p> <p class=\"p1\">.\n<p class=\"p1\"><b>Cambios en la pol\u00edtica<\/b><\/p>\n<p class=\"p1\">La Empresa se reserva el derecho de modificar, enmendar o actualizar esta Pol\u00edtica de Afiliados en cualquier momento sin previo aviso. Los Afiliados son responsables de revisar esta pol\u00edtica peri\u00f3dicamente para estar al d\u00eda.<\/p>\n<p class=\"p1\"><b>Cont\u00e1ctenos<\/b><\/p>\n<p class=\"p1\">Si tiene alguna pregunta o necesita ayuda relacionada con las actividades de reventa, p\u00f3ngase en contacto con nuestro Equipo de Soporte de Afiliados en<span class=\"Apple-converted-space\"><\/span><a href=\"mailto:info@wanderlust-ventures.net\"><span class=\"s1\">info@wanderlust-ventures.net<\/span><\/a><span class=\"s2\">.<\/span><\/p>\n<p class=\"p1\">Tenga en cuenta que esta Pol\u00edtica de Afiliados est\u00e1 sujeta a cambios y entra en vigor el 9 de agosto de 2025. Le animamos a que revise esta pol\u00edtica peri\u00f3dicamente para estar al d\u00eda.<\/p> <\/div> <div>Por favor, tenga en cuenta que esta Pol\u00edtica de Afiliados est\u00e1 sujeta a cambios.\n\t\t\t\t<\/div>\n\t\t\t\t\t<\/div>\n\t\t<\/div>\n\t\t\t\t\t<\/div>\n\t\t<\/section>\n\t\t\t\t<\/div>","protected":false},"excerpt":{"rendered":"<p>Home Introduction Welcome to Wanderlust Ventures&#8217; Affiliate Policy. This comprehensive policy outlines the terms and conditions that govern the relationship between Wanderlust Ventures (&#8220;Company&#8221;) and its authorized affiliates (&#8220;affiliates &#8220;) for the sale of travel experiences and related services. By becoming an affiliate or engaging in reselling activities, you agree to comply with the terms [&hellip;]<\/p>","protected":false},"author":3,"featured_media":0,"parent":0,"menu_order":0,"comment_status":"closed","ping_status":"closed","template":"","meta":{"_acf_changed":false,"footnotes":""},"class_list":["post-788","page","type-page","status-publish","hentry"],"acf":[],"_links":{"self":[{"href":"https:\/\/wanderlust-ventures.net\/es\/wp-json\/wp\/v2\/pages\/788","targetHints":{"allow":["GET"]}}],"collection":[{"href":"https:\/\/wanderlust-ventures.net\/es\/wp-json\/wp\/v2\/pages"}],"about":[{"href":"https:\/\/wanderlust-ventures.net\/es\/wp-json\/wp\/v2\/types\/page"}],"author":[{"embeddable":true,"href":"https:\/\/wanderlust-ventures.net\/es\/wp-json\/wp\/v2\/users\/3"}],"replies":[{"embeddable":true,"href":"https:\/\/wanderlust-ventures.net\/es\/wp-json\/wp\/v2\/comments?post=788"}],"version-history":[{"count":20,"href":"https:\/\/wanderlust-ventures.net\/es\/wp-json\/wp\/v2\/pages\/788\/revisions"}],"predecessor-version":[{"id":1324,"href":"https:\/\/wanderlust-ventures.net\/es\/wp-json\/wp\/v2\/pages\/788\/revisions\/1324"}],"wp:attachment":[{"href":"https:\/\/wanderlust-ventures.net\/es\/wp-json\/wp\/v2\/media?parent=788"}],"curies":[{"name":"wp","href":"https:\/\/api.w.org\/{rel}","templated":true}]}}